{"id":81,"date":"2024-11-27T15:12:52","date_gmt":"2024-11-27T15:12:52","guid":{"rendered":"https:\/\/isabelezquerraprocuradora.com\/?page_id=81"},"modified":"2026-02-05T12:59:52","modified_gmt":"2026-02-05T12:59:52","slug":"contacto","status":"publish","type":"page","link":"https:\/\/isabelezquerraprocuradora.com\/en\/contacto\/","title":{"rendered":"Contact"},"content":{"rendered":"<div data-elementor-type=\"wp-page\" data-elementor-id=\"81\" class=\"elementor elementor-81\" data-elementor-post-type=\"page\">\n\t\t\t\t\t\t<section class=\"elementor-section elementor-top-section elementor-element elementor-element-5d0bd10f elementor-reverse-mobile elementor-section-boxed elementor-section-height-default elementor-section-height-default\" data-id=\"5d0bd10f\" data-element_type=\"section\">\n\t\t\t\t\t\t<div class=\"elementor-container elementor-column-gap-default\">\n\t\t\t\t\t<div class=\"elementor-column elementor-col-100 elementor-top-column elementor-element elementor-element-6e0cee96\" data-id=\"6e0cee96\" data-element_type=\"column\">\n\t\t\t<div class=\"elementor-widget-wrap elementor-element-populated\">\n\t\t\t\t\t\t<section class=\"elementor-section elementor-inner-section elementor-element elementor-element-11177cd3 elementor-reverse-tablet elementor-section-boxed elementor-section-height-default elementor-section-height-default\" data-id=\"11177cd3\" data-element_type=\"section\">\n\t\t\t\t\t\t<div class=\"elementor-container elementor-column-gap-default\">\n\t\t\t\t\t<div class=\"elementor-column elementor-col-50 elementor-inner-column elementor-element elementor-element-39d63b\" data-id=\"39d63b\" data-element_type=\"column\">\n\t\t\t<div class=\"elementor-widget-wrap elementor-element-populated\">\n\t\t\t\t\t\t<div class=\"elementor-element elementor-element-372c7bf9 elementor-widget elementor-widget-jkit_heading\" data-id=\"372c7bf9\" data-element_type=\"widget\" data-widget_type=\"jkit_heading.default\">\n\t\t\t\t<div class=\"elementor-widget-container\">\n\t\t\t\t\t<div  class=\"jeg-elementor-kit jkit-heading  align- align-tablet-center align-mobile- jeg_module___69e281e422520\" ><h6 class=\"heading-section-subtitle  style-color\">Contact<\/h6><div class=\"heading-section-title  display-inline-block\"><h3 class=\"heading-title\">Let&#039;s talk and Resolv\u00e1moslo Together<\/h3><\/div><\/div>\t\t\t\t<\/div>\n\t\t\t\t<\/div>\n\t\t\t\t<div class=\"elementor-element elementor-element-4983dd8a elementor-widget elementor-widget-text-editor\" data-id=\"4983dd8a\" data-element_type=\"widget\" data-widget_type=\"text-editor.default\">\n\t\t\t\t<div class=\"elementor-widget-container\">\n\t\t\t\t\t\t\t\t\t<p>Si tienes alguna consulta o necesitas m\u00e1s informaci\u00f3n, cont\u00e1ctanos y estaremos encantados de ayudarte<\/p>\t\t\t\t\t\t\t\t<\/div>\n\t\t\t\t<\/div>\n\t\t\t\t\t<\/div>\n\t\t<\/div>\n\t\t\t\t<div class=\"elementor-column elementor-col-50 elementor-inner-column elementor-element elementor-element-7062a130\" data-id=\"7062a130\" data-element_type=\"column\">\n\t\t\t<div class=\"elementor-widget-wrap elementor-element-populated\">\n\t\t\t\t\t\t<div class=\"elementor-element elementor-element-4faf3310 elementor-widget elementor-widget-image\" data-id=\"4faf3310\" data-element_type=\"widget\" data-widget_type=\"image.default\">\n\t\t\t\t<div class=\"elementor-widget-container\">\n\t\t\t\t\t\t\t\t\t\t\t\t\t\t\t<img fetchpriority=\"high\" decoding=\"async\" width=\"2560\" height=\"1708\" src=\"https:\/\/isabelezquerraprocuradora.com\/wp-content\/uploads\/2024\/11\/justice-and-law-concept-male-lawyer-working-in-an-2023-11-27-05-04-10-utc_1_11zon-scaled.webp\" class=\"attachment-full size-full wp-image-156\" alt=\"\" srcset=\"https:\/\/isabelezquerraprocuradora.com\/wp-content\/uploads\/2024\/11\/justice-and-law-concept-male-lawyer-working-in-an-2023-11-27-05-04-10-utc_1_11zon-scaled.webp 2560w, https:\/\/isabelezquerraprocuradora.com\/wp-content\/uploads\/2024\/11\/justice-and-law-concept-male-lawyer-working-in-an-2023-11-27-05-04-10-utc_1_11zon-300x200.webp 300w, https:\/\/isabelezquerraprocuradora.com\/wp-content\/uploads\/2024\/11\/justice-and-law-concept-male-lawyer-working-in-an-2023-11-27-05-04-10-utc_1_11zon-1024x683.webp 1024w, https:\/\/isabelezquerraprocuradora.com\/wp-content\/uploads\/2024\/11\/justice-and-law-concept-male-lawyer-working-in-an-2023-11-27-05-04-10-utc_1_11zon-768x512.webp 768w, https:\/\/isabelezquerraprocuradora.com\/wp-content\/uploads\/2024\/11\/justice-and-law-concept-male-lawyer-working-in-an-2023-11-27-05-04-10-utc_1_11zon-1536x1025.webp 1536w, https:\/\/isabelezquerraprocuradora.com\/wp-content\/uploads\/2024\/11\/justice-and-law-concept-male-lawyer-working-in-an-2023-11-27-05-04-10-utc_1_11zon-2048x1366.webp 2048w\" sizes=\"(max-width: 2560px) 100vw, 2560px\" \/>\t\t\t\t\t\t\t\t\t\t\t\t\t\t\t<\/div>\n\t\t\t\t<\/div>\n\t\t\t\t\t<\/div>\n\t\t<\/div>\n\t\t\t\t\t<\/div>\n\t\t<\/section>\n\t\t\t\t<div class=\"elementor-element elementor-element-344f5970 elementor-widget-divider--view-line elementor-widget elementor-widget-divider\" data-id=\"344f5970\" data-element_type=\"widget\" data-widget_type=\"divider.default\">\n\t\t\t\t<div class=\"elementor-widget-container\">\n\t\t\t\t\t\t\t<div class=\"elementor-divider\">\n\t\t\t<span class=\"elementor-divider-separator\">\n\t\t\t\t\t\t<\/span>\n\t\t<\/div>\n\t\t\t\t\t\t<\/div>\n\t\t\t\t<\/div>\n\t\t\t\t\t<\/div>\n\t\t<\/div>\n\t\t\t\t\t<\/div>\n\t\t<\/section>\n\t\t\t\t<section class=\"elementor-section elementor-top-section elementor-element elementor-element-e6cda69 elementor-section-boxed elementor-section-height-default elementor-section-height-default\" data-id=\"e6cda69\" data-element_type=\"section\">\n\t\t\t\t\t\t<div class=\"elementor-container elementor-column-gap-default\">\n\t\t\t\t\t<div class=\"elementor-column elementor-col-33 elementor-top-column elementor-element elementor-element-915e76e\" data-id=\"915e76e\" data-element_type=\"column\">\n\t\t\t<div class=\"elementor-widget-wrap elementor-element-populated\">\n\t\t\t\t\t\t<div class=\"elementor-element elementor-element-8233ff8 elementor-view-default elementor-position-top elementor-mobile-position-top elementor-widget elementor-widget-icon-box\" data-id=\"8233ff8\" data-element_type=\"widget\" data-widget_type=\"icon-box.default\">\n\t\t\t\t<div class=\"elementor-widget-container\">\n\t\t\t\t\t\t\t<div class=\"elementor-icon-box-wrapper\">\n\n\t\t\t\t\t\t<div class=\"elementor-icon-box-icon\">\n\t\t\t\t<span  class=\"elementor-icon\">\n\t\t\t\t<i aria-hidden=\"true\" class=\"fas fa-phone-alt\"><\/i>\t\t\t\t<\/span>\n\t\t\t<\/div>\n\t\t\t\n\t\t\t\t\t\t<div class=\"elementor-icon-box-content\">\n\n\t\t\t\t\t\t\t\t\t<h3 class=\"elementor-icon-box-title\">\n\t\t\t\t\t\t<span  >\n\t\t\t\t\t\t\tPhone\t\t\t\t\t\t<\/span>\n\t\t\t\t\t<\/h3>\n\t\t\t\t\n\t\t\t\t\t\t\t\t\t<p class=\"elementor-icon-box-description\">\n\t\t\t\t\t\t+34 629584275\t\t\t\t\t<\/p>\n\t\t\t\t\n\t\t\t<\/div>\n\t\t\t\n\t\t<\/div>\n\t\t\t\t\t\t<\/div>\n\t\t\t\t<\/div>\n\t\t\t\t\t<\/div>\n\t\t<\/div>\n\t\t\t\t<div class=\"elementor-column elementor-col-33 elementor-top-column elementor-element elementor-element-58ab914\" data-id=\"58ab914\" data-element_type=\"column\">\n\t\t\t<div class=\"elementor-widget-wrap elementor-element-populated\">\n\t\t\t\t\t\t<div class=\"elementor-element elementor-element-b9f6a0f elementor-view-default elementor-position-top elementor-mobile-position-top elementor-widget elementor-widget-icon-box\" data-id=\"b9f6a0f\" data-element_type=\"widget\" data-widget_type=\"icon-box.default\">\n\t\t\t\t<div class=\"elementor-widget-container\">\n\t\t\t\t\t\t\t<div class=\"elementor-icon-box-wrapper\">\n\n\t\t\t\t\t\t<div class=\"elementor-icon-box-icon\">\n\t\t\t\t<a href=\"mailto:isabelezquerra208@gmail.com\" class=\"elementor-icon\" tabindex=\"-1\" aria-label=\"E-mail\">\n\t\t\t\t<i aria-hidden=\"true\" class=\"fas fa-mail-bulk\"><\/i>\t\t\t\t<\/a>\n\t\t\t<\/div>\n\t\t\t\n\t\t\t\t\t\t<div class=\"elementor-icon-box-content\">\n\n\t\t\t\t\t\t\t\t\t<h3 class=\"elementor-icon-box-title\">\n\t\t\t\t\t\t<a href=\"mailto:isabelezquerra208@gmail.com\" >\n\t\t\t\t\t\t\tE-mail\t\t\t\t\t\t<\/a>\n\t\t\t\t\t<\/h3>\n\t\t\t\t\n\t\t\t\t\t\t\t\t\t<p class=\"elementor-icon-box-description\">\n\t\t\t\t\t\tisabelezquerra208@gmail.com\t\t\t\t\t<\/p>\n\t\t\t\t\n\t\t\t<\/div>\n\t\t\t\n\t\t<\/div>\n\t\t\t\t\t\t<\/div>\n\t\t\t\t<\/div>\n\t\t\t\t\t<\/div>\n\t\t<\/div>\n\t\t\t\t<div class=\"elementor-column elementor-col-33 elementor-top-column elementor-element elementor-element-020f7fc\" data-id=\"020f7fc\" data-element_type=\"column\">\n\t\t\t<div class=\"elementor-widget-wrap elementor-element-populated\">\n\t\t\t\t\t\t<div class=\"elementor-element elementor-element-e0740b3 elementor-view-default elementor-position-top elementor-mobile-position-top elementor-widget elementor-widget-icon-box\" data-id=\"e0740b3\" data-element_type=\"widget\" data-widget_type=\"icon-box.default\">\n\t\t\t\t<div class=\"elementor-widget-container\">\n\t\t\t\t\t\t\t<div class=\"elementor-icon-box-wrapper\">\n\n\t\t\t\t\t\t<div class=\"elementor-icon-box-icon\">\n\t\t\t\t<span  class=\"elementor-icon\">\n\t\t\t\t<i aria-hidden=\"true\" class=\"fas fa-map-marker-alt\"><\/i>\t\t\t\t<\/span>\n\t\t\t<\/div>\n\t\t\t\n\t\t\t\t\t\t<div class=\"elementor-icon-box-content\">\n\n\t\t\t\t\t\t\t\t\t<h3 class=\"elementor-icon-box-title\">\n\t\t\t\t\t\t<span  >\n\t\t\t\t\t\t\tAddress\t\t\t\t\t\t<\/span>\n\t\t\t\t\t<\/h3>\n\t\t\t\t\n\t\t\t\t\t\t\t\t\t<p class=\"elementor-icon-box-description\">\n\t\t\t\t\t\tCalle del Castillo, 11, Floor 3, Santa Cruz de Tenerife, Spain\t\t\t\t\t<\/p>\n\t\t\t\t\n\t\t\t<\/div>\n\t\t\t\n\t\t<\/div>\n\t\t\t\t\t\t<\/div>\n\t\t\t\t<\/div>\n\t\t\t\t\t<\/div>\n\t\t<\/div>\n\t\t\t\t\t<\/div>\n\t\t<\/section>\n\t\t\t\t<\/div>","protected":false},"excerpt":{"rendered":"<p>Contacto Hablemos y Resolv\u00e1moslo Juntos Si tienes alguna consulta o necesitas m\u00e1s informaci\u00f3n, cont\u00e1ctanos y estaremos encantados de ayudarte Tel\u00e9fono +34 629584275 Correo isabelezquerra208@gmail.com Direcci\u00f3n Calle del Castillo, 11, Piso 3, Santa Cruz de Tenerife, Espa\u00f1a<\/p>","protected":false},"author":2,"featured_media":0,"parent":0,"menu_order":0,"comment_status":"closed","ping_status":"closed","template":"elementor_header_footer","meta":{"iawp_total_views":6,"footnotes":""},"yoast_head":"<!-- This site is optimized with the Yoast SEO plugin v25.2 - https:\/\/yoast.com\/wordpress\/plugins\/seo\/ -->\n<title>Contacto - Isabel Ezquerra Procuradora<\/title>\n<meta name=\"robots\" content=\"index, follow, max-snippet:-1, max-image-preview:large, max-video-preview:-1\" \/>\n<link rel=\"canonical\" href=\"https:\/\/isabelezquerraprocuradora.com\/en\/contacto\/\" \/>\n<meta property=\"og:locale\" content=\"en_US\" \/>\n<meta property=\"og:type\" content=\"article\" \/>\n<meta property=\"og:title\" content=\"Contacto - Isabel Ezquerra Procuradora\" \/>\n<meta property=\"og:description\" content=\"Contacto Hablemos y Resolv\u00e1moslo Juntos Si tienes alguna consulta o necesitas m\u00e1s informaci\u00f3n, cont\u00e1ctanos y estaremos encantados de ayudarte Tel\u00e9fono +34 629584275 Correo isabelezquerra208@gmail.com Direcci\u00f3n Calle del Castillo, 11, Piso 3, Santa Cruz de Tenerife, Espa\u00f1a\" \/>\n<meta property=\"og:url\" content=\"https:\/\/isabelezquerraprocuradora.com\/en\/contacto\/\" \/>\n<meta property=\"og:site_name\" content=\"Isabel Ezquerra Procuradora\" \/>\n<meta property=\"article:modified_time\" content=\"2026-02-05T12:59:52+00:00\" \/>\n<meta property=\"og:image\" content=\"https:\/\/isabelezquerraprocuradora.com\/wp-content\/uploads\/2024\/11\/justice-and-law-concept-male-lawyer-working-in-an-2023-11-27-05-04-10-utc_1_11zon-scaled.webp\" \/>\n\t<meta property=\"og:image:width\" content=\"2560\" \/>\n\t<meta property=\"og:image:height\" content=\"1708\" \/>\n\t<meta property=\"og:image:type\" content=\"image\/webp\" \/>\n<meta name=\"twitter:card\" content=\"summary_large_image\" \/>\n<meta name=\"twitter:label1\" content=\"Est. reading time\" \/>\n\t<meta name=\"twitter:data1\" content=\"1 minute\" \/>\n<script type=\"application\/ld+json\" class=\"yoast-schema-graph\">{\"@context\":\"https:\/\/schema.org\",\"@graph\":[{\"@type\":\"WebPage\",\"@id\":\"https:\/\/isabelezquerraprocuradora.com\/contacto\/\",\"url\":\"https:\/\/isabelezquerraprocuradora.com\/contacto\/\",\"name\":\"Contacto - Isabel Ezquerra Procuradora\",\"isPartOf\":{\"@id\":\"https:\/\/isabelezquerraprocuradora.com\/#website\"},\"primaryImageOfPage\":{\"@id\":\"https:\/\/isabelezquerraprocuradora.com\/contacto\/#primaryimage\"},\"image\":{\"@id\":\"https:\/\/isabelezquerraprocuradora.com\/contacto\/#primaryimage\"},\"thumbnailUrl\":\"https:\/\/isabelezquerraprocuradora.com\/wp-content\/uploads\/2024\/11\/justice-and-law-concept-male-lawyer-working-in-an-2023-11-27-05-04-10-utc_1_11zon-scaled.webp\",\"datePublished\":\"2024-11-27T15:12:52+00:00\",\"dateModified\":\"2026-02-05T12:59:52+00:00\",\"breadcrumb\":{\"@id\":\"https:\/\/isabelezquerraprocuradora.com\/contacto\/#breadcrumb\"},\"inLanguage\":\"en-US\",\"potentialAction\":[{\"@type\":\"ReadAction\",\"target\":[\"https:\/\/isabelezquerraprocuradora.com\/contacto\/\"]}]},{\"@type\":\"ImageObject\",\"inLanguage\":\"en-US\",\"@id\":\"https:\/\/isabelezquerraprocuradora.com\/contacto\/#primaryimage\",\"url\":\"https:\/\/isabelezquerraprocuradora.com\/wp-content\/uploads\/2024\/11\/justice-and-law-concept-male-lawyer-working-in-an-2023-11-27-05-04-10-utc_1_11zon-scaled.webp\",\"contentUrl\":\"https:\/\/isabelezquerraprocuradora.com\/wp-content\/uploads\/2024\/11\/justice-and-law-concept-male-lawyer-working-in-an-2023-11-27-05-04-10-utc_1_11zon-scaled.webp\"},{\"@type\":\"BreadcrumbList\",\"@id\":\"https:\/\/isabelezquerraprocuradora.com\/contacto\/#breadcrumb\",\"itemListElement\":[{\"@type\":\"ListItem\",\"position\":1,\"name\":\"Portada\",\"item\":\"https:\/\/isabelezquerraprocuradora.com\/\"},{\"@type\":\"ListItem\",\"position\":2,\"name\":\"Contacto\"}]},{\"@type\":\"WebSite\",\"@id\":\"https:\/\/isabelezquerraprocuradora.com\/#website\",\"url\":\"https:\/\/isabelezquerraprocuradora.com\/\",\"name\":\"Isabel Ezquerra Procuradora\",\"description\":\"\",\"publisher\":{\"@id\":\"https:\/\/isabelezquerraprocuradora.com\/#organization\"},\"potentialAction\":[{\"@type\":\"SearchAction\",\"target\":{\"@type\":\"EntryPoint\",\"urlTemplate\":\"https:\/\/isabelezquerraprocuradora.com\/?s={search_term_string}\"},\"query-input\":{\"@type\":\"PropertyValueSpecification\",\"valueRequired\":true,\"valueName\":\"search_term_string\"}}],\"inLanguage\":\"en-US\"},{\"@type\":\"Organization\",\"@id\":\"https:\/\/isabelezquerraprocuradora.com\/#organization\",\"name\":\"Isabel Ezquerra Procuradora\",\"url\":\"https:\/\/isabelezquerraprocuradora.com\/\",\"logo\":{\"@type\":\"ImageObject\",\"inLanguage\":\"en-US\",\"@id\":\"https:\/\/isabelezquerraprocuradora.com\/#\/schema\/logo\/image\/\",\"url\":\"https:\/\/isabelezquerraprocuradora.com\/wp-content\/uploads\/2025\/06\/Recurso-7.png\",\"contentUrl\":\"https:\/\/isabelezquerraprocuradora.com\/wp-content\/uploads\/2025\/06\/Recurso-7.png\",\"width\":1544,\"height\":318,\"caption\":\"Isabel Ezquerra Procuradora\"},\"image\":{\"@id\":\"https:\/\/isabelezquerraprocuradora.com\/#\/schema\/logo\/image\/\"}}]}<\/script>\n<!-- \/ Yoast SEO plugin. -->","yoast_head_json":{"title":"Contacto - Isabel Ezquerra Procuradora","robots":{"index":"index","follow":"follow","max-snippet":"max-snippet:-1","max-image-preview":"max-image-preview:large","max-video-preview":"max-video-preview:-1"},"canonical":"https:\/\/isabelezquerraprocuradora.com\/en\/contacto\/","og_locale":"en_US","og_type":"article","og_title":"Contacto - Isabel Ezquerra Procuradora","og_description":"Contacto Hablemos y Resolv\u00e1moslo Juntos Si tienes alguna consulta o necesitas m\u00e1s informaci\u00f3n, cont\u00e1ctanos y estaremos encantados de ayudarte Tel\u00e9fono +34 629584275 Correo isabelezquerra208@gmail.com Direcci\u00f3n Calle del Castillo, 11, Piso 3, Santa Cruz de Tenerife, Espa\u00f1a","og_url":"https:\/\/isabelezquerraprocuradora.com\/en\/contacto\/","og_site_name":"Isabel Ezquerra Procuradora","article_modified_time":"2026-02-05T12:59:52+00:00","og_image":[{"width":2560,"height":1708,"url":"https:\/\/isabelezquerraprocuradora.com\/wp-content\/uploads\/2024\/11\/justice-and-law-concept-male-lawyer-working-in-an-2023-11-27-05-04-10-utc_1_11zon-scaled.webp","type":"image\/webp"}],"twitter_card":"summary_large_image","twitter_misc":{"Est. reading time":"1 minute"},"schema":{"@context":"https:\/\/schema.org","@graph":[{"@type":"WebPage","@id":"https:\/\/isabelezquerraprocuradora.com\/contacto\/","url":"https:\/\/isabelezquerraprocuradora.com\/contacto\/","name":"Contacto - Isabel Ezquerra Procuradora","isPartOf":{"@id":"https:\/\/isabelezquerraprocuradora.com\/#website"},"primaryImageOfPage":{"@id":"https:\/\/isabelezquerraprocuradora.com\/contacto\/#primaryimage"},"image":{"@id":"https:\/\/isabelezquerraprocuradora.com\/contacto\/#primaryimage"},"thumbnailUrl":"https:\/\/isabelezquerraprocuradora.com\/wp-content\/uploads\/2024\/11\/justice-and-law-concept-male-lawyer-working-in-an-2023-11-27-05-04-10-utc_1_11zon-scaled.webp","datePublished":"2024-11-27T15:12:52+00:00","dateModified":"2026-02-05T12:59:52+00:00","breadcrumb":{"@id":"https:\/\/isabelezquerraprocuradora.com\/contacto\/#breadcrumb"},"inLanguage":"en-US","potentialAction":[{"@type":"ReadAction","target":["https:\/\/isabelezquerraprocuradora.com\/contacto\/"]}]},{"@type":"ImageObject","inLanguage":"en-US","@id":"https:\/\/isabelezquerraprocuradora.com\/contacto\/#primaryimage","url":"https:\/\/isabelezquerraprocuradora.com\/wp-content\/uploads\/2024\/11\/justice-and-law-concept-male-lawyer-working-in-an-2023-11-27-05-04-10-utc_1_11zon-scaled.webp","contentUrl":"https:\/\/isabelezquerraprocuradora.com\/wp-content\/uploads\/2024\/11\/justice-and-law-concept-male-lawyer-working-in-an-2023-11-27-05-04-10-utc_1_11zon-scaled.webp"},{"@type":"BreadcrumbList","@id":"https:\/\/isabelezquerraprocuradora.com\/contacto\/#breadcrumb","itemListElement":[{"@type":"ListItem","position":1,"name":"Portada","item":"https:\/\/isabelezquerraprocuradora.com\/"},{"@type":"ListItem","position":2,"name":"Contacto"}]},{"@type":"WebSite","@id":"https:\/\/isabelezquerraprocuradora.com\/#website","url":"https:\/\/isabelezquerraprocuradora.com\/","name":"Isabel Ezquerra Procuradora","description":"","publisher":{"@id":"https:\/\/isabelezquerraprocuradora.com\/#organization"},"potentialAction":[{"@type":"SearchAction","target":{"@type":"EntryPoint","urlTemplate":"https:\/\/isabelezquerraprocuradora.com\/?s={search_term_string}"},"query-input":{"@type":"PropertyValueSpecification","valueRequired":true,"valueName":"search_term_string"}}],"inLanguage":"en-US"},{"@type":"Organization","@id":"https:\/\/isabelezquerraprocuradora.com\/#organization","name":"Isabel Ezquerra Procuradora","url":"https:\/\/isabelezquerraprocuradora.com\/","logo":{"@type":"ImageObject","inLanguage":"en-US","@id":"https:\/\/isabelezquerraprocuradora.com\/#\/schema\/logo\/image\/","url":"https:\/\/isabelezquerraprocuradora.com\/wp-content\/uploads\/2025\/06\/Recurso-7.png","contentUrl":"https:\/\/isabelezquerraprocuradora.com\/wp-content\/uploads\/2025\/06\/Recurso-7.png","width":1544,"height":318,"caption":"Isabel Ezquerra Procuradora"},"image":{"@id":"https:\/\/isabelezquerraprocuradora.com\/#\/schema\/logo\/image\/"}}]}},"_links":{"self":[{"href":"https:\/\/isabelezquerraprocuradora.com\/en\/wp-json\/wp\/v2\/pages\/81"}],"collection":[{"href":"https:\/\/isabelezquerraprocuradora.com\/en\/wp-json\/wp\/v2\/pages"}],"about":[{"href":"https:\/\/isabelezquerraprocuradora.com\/en\/wp-json\/wp\/v2\/types\/page"}],"author":[{"embeddable":true,"href":"https:\/\/isabelezquerraprocuradora.com\/en\/wp-json\/wp\/v2\/users\/2"}],"replies":[{"embeddable":true,"href":"https:\/\/isabelezquerraprocuradora.com\/en\/wp-json\/wp\/v2\/comments?post=81"}],"version-history":[{"count":46,"href":"https:\/\/isabelezquerraprocuradora.com\/en\/wp-json\/wp\/v2\/pages\/81\/revisions"}],"predecessor-version":[{"id":580,"href":"https:\/\/isabelezquerraprocuradora.com\/en\/wp-json\/wp\/v2\/pages\/81\/revisions\/580"}],"wp:attachment":[{"href":"https:\/\/isabelezquerraprocuradora.com\/en\/wp-json\/wp\/v2\/media?parent=81"}],"curies":[{"name":"wp","href":"https:\/\/api.w.org\/{rel}","templated":true}]}}